{"id":1224,"date":"2021-11-23T10:38:30","date_gmt":"2021-11-23T09:38:30","guid":{"rendered":"https:\/\/www.cfa-colmar.com\/?page_id=1224"},"modified":"2026-04-08T16:10:49","modified_gmt":"2026-04-08T14:10:49","slug":"infos-utiles","status":"publish","type":"page","link":"https:\/\/www.cfa-colmar.com\/index.php\/infos-utiles\/","title":{"rendered":"Infos utiles"},"content":{"rendered":"\t\t<div data-elementor-type=\"wp-page\" data-elementor-id=\"1224\" class=\"elementor elementor-1224\" data-elementor-settings=\"[]\">\n\t\t\t\t\t\t\t<div class=\"elementor-section-wrap\">\n\t\t\t\t\t\t\t<section class=\"elementor-section elementor-top-section elementor-element elementor-element-6952cd9b elementor-section-boxed elementor-section-height-default elementor-section-height-default\" data-id=\"6952cd9b\" data-element_type=\"section\">\n\t\t\t\t\t\t<div class=\"elementor-container elementor-column-gap-default\">\n\t\t\t\t\t<div class=\"elementor-column elementor-col-100 elementor-top-column elementor-element elementor-element-676fd86a\" data-id=\"676fd86a\" data-element_type=\"column\">\n\t\t\t<div class=\"elementor-widget-wrap elementor-element-populated\">\n\t\t\t\t\t\t\t\t<div class=\"elementor-element elementor-element-5086c124 elementor-widget elementor-widget-text-editor\" data-id=\"5086c124\" data-element_type=\"widget\" data-widget_type=\"text-editor.default\">\n\t\t\t\t<div class=\"elementor-widget-container\">\n\t\t\t<style>\/*! elementor - v3.5.6 - 28-02-2022 *\/\n.elementor-widget-text-editor.elementor-drop-cap-view-stacked .elementor-drop-cap{background-color:#818a91;color:#fff}.elementor-widget-text-editor.elementor-drop-cap-view-framed .elementor-drop-cap{color:#818a91;border:3px solid;background-color:transparent}.elementor-widget-text-editor:not(.elementor-drop-cap-view-default) .elementor-drop-cap{margin-top:8px}.elementor-widget-text-editor:not(.elementor-drop-cap-view-default) .elementor-drop-cap-letter{width:1em;height:1em}.elementor-widget-text-editor .elementor-drop-cap{float:left;text-align:center;line-height:1;font-size:50px}.elementor-widget-text-editor .elementor-drop-cap-letter{display:inline-block}<\/style>\t\t\t\t<!-- wp:paragraph -->\n<p>\/\/\u00a0 Le <strong>MA\u00ceTRE D&rsquo;APPRENTISSAGE <\/strong>inscrit l&rsquo;apprenant au CFA \/\/<\/p>\n<!-- \/wp:paragraph --><!-- wp:paragraph -->\n<p><strong>Inscriptions :\u00a0<\/strong><\/p>\n<p><a href=\"https:\/\/www.cfa-colmar.com\/wp-content\/uploads\/2026\/04\/Dossier-dinscription-au-CFA-2026-2027-1.1.pdf\" target=\"_blank\" rel=\"noreferrer noopener\">Proc\u00e9dure d&rsquo;inscription au CFA<\/a><\/p>\n<p><a href=\"https:\/\/www.cfa-colmar.com\/wp-content\/uploads\/2026\/04\/Dossier-dinscription-au-CFA-2026-2027-15-ans-1.1.pdf\" target=\"_blank\" rel=\"noreferrer noopener\">Proc\u00e9dure apprenti moins de 15 ans<\/a><\/p>\n<p><strong>Le Contrat d&rsquo;Apprentissage, les Aides Financi\u00e8res :\u00a0<\/strong><\/p>\n<p><a href=\"https:\/\/www.cfa-colmar.com\/wp-content\/uploads\/2026\/03\/Le-contrat-dapprentissage_9-mars-2026.pdf\" target=\"_blank\" rel=\"noreferrer noopener\">Le contrat d&rsquo;apprentissage, caract\u00e9ristiques<\/a><\/p>\n<p><a href=\"https:\/\/www.cfa-colmar.com\/wp-content\/uploads\/2024\/06\/guideapprentissage_handicap_2024.pdf\" target=\"_blank\" rel=\"noopener\">Apprentissage et Handicap<\/a><\/p>\n<p><a href=\"https:\/\/www.cfa-colmar.com\/wp-content\/uploads\/2025\/12\/QUELLES-DEMARCHES-POUR-UNE-RQTH_Decembre-2025.pdf\" target=\"_blank\" rel=\"noopener\">Quelles d\u00e9marches pour une RQTH<\/a><\/p>\n<p><a href=\"https:\/\/www.cfa-colmar.com\/wp-content\/uploads\/2026\/03\/Liste-des-formations-2025-2026-1.18-TR_02_2026.pdf\" target=\"_blank\" rel=\"noopener\">D\u00e9tail des formations\u00a0( volume horaire, rythme des alternances, RNCP\u2026)<\/a><\/p>\n<p><a href=\"https:\/\/www.francecompetences.fr\/base-documentaire\/referentiels-et-bases-de-donnees\/\">Les co\u00fbts des formations sont disponibles sur le site de France Comp\u00e9tence :<\/a> <a href=\"https:\/\/www.francecompetences.fr\/base-documentaire\/referentiels-et-bases-de-donnees\/\">https:\/\/www.francecompetences.fr\/base-documentaire\/referentiels-et-bases-de-donnees\/<\/a><\/p>\n<p><a href=\"https:\/\/travail-emploi.gouv.fr\/laide-aux-employeurs-qui-recrutent-en-apprentissage\" target=\"_blank\" rel=\"noreferrer noopener\">Aide \u00e0 l&#8217;embauche pour les employeurs<\/a><\/p>\n<p><!-- \/wp:paragraph --><!-- wp:paragraph --><\/p>\n<p><a href=\"https:\/\/www.service-public.gouv.fr\/particuliers\/vosdroits\/F13609\" target=\"_blank\" rel=\"noreferrer noopener\">Aides au permis<\/a><\/p>\n<p><a href=\"https:\/\/www.jeunest.fr\/\" target=\"_blank\" rel=\"noreferrer noopener\">Vous voulez apprendre ou approfondir gratuitement une langue \u00e9trang\u00e8re ?&#8230;10 euros pour l&rsquo;acquisition d&rsquo;une licence sportive ?&#8230;plus d&rsquo;info sur Jeun&rsquo;Est<br \/><\/a><br \/><a href=\"https:\/\/pass.culture.fr\/\" target=\"_blank\" rel=\"noreferrer noopener\">Pass&rsquo; Culture<\/a><\/p>\n<p><a href=\"https:\/\/www.actionlogement.fr\/\" target=\"_blank\" rel=\"noopener\">Recherche de logements, caution, d\u00e9p\u00f4t de garantie&#8230;<\/a><\/p>\n<p><a href=\"https:\/\/connect.caf.fr\/connexionappli\/dist\/?forceReload=20211220&amp;contexteAppel=caffr&amp;urlredirect=%2Fwps%2Fmyportal%2Fcaffr#\/login\" target=\"_blank\" rel=\"noopener\">Aide au logement de la CAF<\/a><\/p>\n<p><a href=\"https:\/\/www.colmar.fr\/auberge-jeunesse\" target=\"_blank\" rel=\"noopener\">Solution d&rsquo;h\u00e9bergement temporaire : https:\/\/www.colmar.fr\/auberge-jeunesse<\/a><\/p>\n<p><strong>Rupture de Contrat :\u00a0<\/strong><\/p>\n<p><a href=\"https:\/\/www.cfa-colmar.com\/wp-content\/uploads\/2026\/03\/Fiche-Info-DREETS-Grand-Est_Rupture-Contrat-dApprentissage.pdf\" target=\"_blank\" rel=\"noopener\">Fiche info Rupture de contrat d&rsquo;Apprentissage<\/a><\/p>\n<p><a href=\"https:\/\/www.cfa-colmar.com\/wp-content\/uploads\/2025\/09\/Procedure-de-rupture-de-contrat-dapprentissage_01012022_aout-2025.pdf\" target=\"_blank\" rel=\"noreferrer noopener\">Formulaire de rupture de contrat d&rsquo;apprentissage<\/a><\/p>\n<p><strong>Fonctionnement du CFA :\u00a0<\/strong><\/p>\n<p><a href=\"https:\/\/www.cfa-colmar.com\/wp-content\/uploads\/2025\/09\/Livret-daccueil-2025.pdf\" target=\"_blank\" rel=\"noopener\">Livret d&rsquo;accueil du CFA<\/a><\/p>\n<p><a href=\"https:\/\/www.cfa-colmar.com\/wp-content\/uploads\/2025\/09\/CFA-M.-R.-Utiliser-Ypareo-2020_aout-2025.pdf\" target=\"_blank\" rel=\"noreferrer noopener\">Comment utiliser NetYpar\u00e9o pour les apprentis<\/a><\/p>\n<p><a href=\"https:\/\/www.cfa-colmar.com\/index.php\/plannings-pour-la-rentree-2024-2025\/\" target=\"_blank\" rel=\"noreferrer noopener\">Plannings de rentr\u00e9e par groupes<\/a><\/p>\n<p><a href=\"https:\/\/www.cfa-colmar.com\/wp-content\/uploads\/2026\/02\/Reglement-Interieur-2025.pdf\" target=\"_blank\" rel=\"noopener\">R\u00e8glement int\u00e9rieur du CFA<\/a><\/p>\n<p><strong>Orientation, Insertion :\u00a0<\/strong><\/p>\n<p><a href=\"https:\/\/www.onisep.fr\/\" target=\"_blank\" rel=\"noreferrer noopener\">Une question sur des formations, des passerelles, des fili\u00e8res, des poursuites d&rsquo;\u00e9tudes ?\u00a0<strong>Onisep<\/strong>\u00a0y r\u00e9pondra !<\/a><br \/><br \/><a href=\"https:\/\/www.inserjeunes.education.gouv.fr\/diffusion\/accueil\" target=\"_blank\" rel=\"noreferrer noopener\">Plus d\u2019info sur l\u2019insertion professionnelle et les formations en alternance<\/a><a href=\"https:\/\/www.cfa-colmar.com\/wp-content\/uploads\/2024\/01\/Le-contrat-MAJ-01012024.pdf\" target=\"_blank\" rel=\"noreferrer noopener\"><br \/><\/a><\/p>\n<!-- \/wp:paragraph --><!-- wp:paragraph -->\n<p><strong>La promotion de la sant\u00e9 au CFA :<\/strong><\/p>\n<p><a href=\"https:\/\/alternance.emploi.gouv.fr\/actualites\/la-promotion-de-la-sante-chez-les-apprentis-guide-destination-des-referents-sante-des\" target=\"_blank\" rel=\"noreferrer noopener\">Guide \u00e0 destination des r\u00e9f\u00e9rents Sant\u00e9 des CFA<\/a><\/p>\n<p><a href=\"https:\/\/app.etude-mentalo.fr\/mentalo\" target=\"_blank\" rel=\"noopener\">Mentalo, \u00e9tude sur la sant\u00e9 mentale des 11-24 ans<\/a><\/p>\n<p>\u00a0<\/p>\n<p>\u00a0<\/p>\n<p>\u00a0<\/p>\n<p>\u00a0<\/p>\n<!-- \/wp:paragraph -->\t\t\t\t\t\t<\/div>\n\t\t\t\t<\/div>\n\t\t\t\t\t<\/div>\n\t\t<\/div>\n\t\t\t\t\t\t\t<\/div>\n\t\t<\/section>\n\t\t\t\t\t\t<\/div>\n\t\t\t\t\t<\/div>\n\t\t","protected":false},"excerpt":{"rendered":"<p>\/\/\u00a0 Le MA\u00ceTRE D&rsquo;APPRENTISSAGE inscrit l&rsquo;apprenant au CFA \/\/ Inscriptions :\u00a0 Proc\u00e9dure d&rsquo;inscription au CFA Proc\u00e9dure apprenti moins de 15 ans Le Contrat d&rsquo;Apprentissage, les Aides Financi\u00e8res :\u00a0 Le contrat d&rsquo;apprentissage, caract\u00e9ristiques Apprentissage et Handicap Quelles d\u00e9marches pour une RQTH<\/p>\n","protected":false},"author":1,"featured_media":0,"parent":0,"menu_order":0,"comment_status":"closed","ping_status":"closed","template":"","meta":{"footnotes":""},"class_list":["post-1224","page","type-page","status-publish","hentry"],"_links":{"self":[{"href":"https:\/\/www.cfa-colmar.com\/index.php\/wp-json\/wp\/v2\/pages\/1224","targetHints":{"allow":["GET"]}}],"collection":[{"href":"https:\/\/www.cfa-colmar.com\/index.php\/wp-json\/wp\/v2\/pages"}],"about":[{"href":"https:\/\/www.cfa-colmar.com\/index.php\/wp-json\/wp\/v2\/types\/page"}],"author":[{"embeddable":true,"href":"https:\/\/www.cfa-colmar.com\/index.php\/wp-json\/wp\/v2\/users\/1"}],"replies":[{"embeddable":true,"href":"https:\/\/www.cfa-colmar.com\/index.php\/wp-json\/wp\/v2\/comments?post=1224"}],"version-history":[{"count":303,"href":"https:\/\/www.cfa-colmar.com\/index.php\/wp-json\/wp\/v2\/pages\/1224\/revisions"}],"predecessor-version":[{"id":6735,"href":"https:\/\/www.cfa-colmar.com\/index.php\/wp-json\/wp\/v2\/pages\/1224\/revisions\/6735"}],"wp:attachment":[{"href":"https:\/\/www.cfa-colmar.com\/index.php\/wp-json\/wp\/v2\/media?parent=1224"}],"curies":[{"name":"wp","href":"https:\/\/api.w.org\/{rel}","templated":true}]}}