{"id":132,"date":"2019-05-09T13:56:03","date_gmt":"2019-05-09T11:56:03","guid":{"rendered":"http:\/\/www.cfa-colmar.com\/?page_id=132"},"modified":"2026-03-11T09:11:20","modified_gmt":"2026-03-11T08:11:20","slug":"formations","status":"publish","type":"page","link":"https:\/\/www.cfa-colmar.com\/index.php\/formations\/","title":{"rendered":"Nos Formations"},"content":{"rendered":"\t\t<div data-elementor-type=\"wp-page\" data-elementor-id=\"132\" class=\"elementor elementor-132\" data-elementor-settings=\"[]\">\n\t\t\t\t\t\t\t<div class=\"elementor-section-wrap\">\n\t\t\t\t\t\t\t<section class=\"elementor-section elementor-top-section elementor-element elementor-element-5e73cb59 elementor-section-boxed elementor-section-height-default elementor-section-height-default\" data-id=\"5e73cb59\" data-element_type=\"section\">\n\t\t\t\t\t\t<div class=\"elementor-container elementor-column-gap-default\">\n\t\t\t\t\t<div class=\"elementor-column elementor-col-100 elementor-top-column elementor-element elementor-element-65458d9b\" data-id=\"65458d9b\" data-element_type=\"column\">\n\t\t\t<div class=\"elementor-widget-wrap elementor-element-populated\">\n\t\t\t\t\t\t\t\t<div class=\"elementor-element elementor-element-7bb05649 elementor-widget elementor-widget-text-editor\" data-id=\"7bb05649\" data-element_type=\"widget\" data-widget_type=\"text-editor.default\">\n\t\t\t\t<div class=\"elementor-widget-container\">\n\t\t\t<style>\/*! elementor - v3.5.6 - 28-02-2022 *\/\n.elementor-widget-text-editor.elementor-drop-cap-view-stacked .elementor-drop-cap{background-color:#818a91;color:#fff}.elementor-widget-text-editor.elementor-drop-cap-view-framed .elementor-drop-cap{color:#818a91;border:3px solid;background-color:transparent}.elementor-widget-text-editor:not(.elementor-drop-cap-view-default) .elementor-drop-cap{margin-top:8px}.elementor-widget-text-editor:not(.elementor-drop-cap-view-default) .elementor-drop-cap-letter{width:1em;height:1em}.elementor-widget-text-editor .elementor-drop-cap{float:left;text-align:center;line-height:1;font-size:50px}.elementor-widget-text-editor .elementor-drop-cap-letter{display:inline-block}<\/style>\t\t\t\t<p><em><strong>Nota Bene<\/strong><\/em> :<\/p>\n<ul>\n<li>Pas de s\u00e9lection \u00e0 l&rsquo;entr\u00e9e en CAP<\/li>\n<li>Formation compl\u00e8te dispens\u00e9e par apprentissage<\/li>\n<li>L&rsquo;acc\u00e8s aux formations dispens\u00e9es est possible aux titulaires de dipl\u00f4mes, titres connexes ou p\u00e9riph\u00e9riques<\/li>\n<li>Possibilit\u00e9 d&rsquo;individualisation des parcours de ma formation en fonction des acquis<\/li>\n<\/ul>\n<p><a href=\"https:\/\/www.cfa-colmar.com\/index.php\/fiches-metiers\/\" target=\"_blank\" rel=\"noopener\"><strong>Cliquez ici pour acc\u00e9der aux fiches m\u00e9tiers.<\/strong><\/a><\/p>\n<p><!-- \/wp:list --><!-- wp:file {\"id\":1455,\"href\":\"https:\/\/www.cfa-colmar.com\/wp-content\/uploads\/2021\/12\/Liste-des-formations-2.pdf\",\"displayPreview\":false} --><\/p>\n<div class=\"wp-block-file\"><strong><a id=\"wp-block-file--media-0800f388-8012-4bb8-9188-293576f74830\" href=\"https:\/\/www.cfa-colmar.com\/wp-content\/uploads\/2026\/03\/Liste-des-formations-2025-2026-1.18-TR_02_2026.pdf\" target=\"_blank\" rel=\"noreferrer noopener\">D\u00e9tail des formations ( volume horaire, rythme des alternances, RNCP\u2026) <\/a><a class=\"wp-block-file__button\" href=\"https:\/\/www.cfa-colmar.com\/wp-content\/uploads\/2026\/03\/Liste-des-formations-2025-2026-1.18-TR_02_2026.pdf\" download=\"\" aria-describedby=\"wp-block-file--media-0800f388-8012-4bb8-9188-293576f74830\">T\u00e9l\u00e9charger<\/a><\/strong><\/div>\n<div>\u00a0<\/div>\n<p><!-- \/wp:file --><!-- wp:list --><\/p>\n<ul>\n<li><a href=\"https:\/\/www.cfa-colmar.com\/index.php\/pole-gastronomie\/\">P\u00f4le \u00ab\u00a0Gastronomie\u00a0\u00bb (Boulangerie, P\u00e2tisserie, Chocolaterie, Boucherie) :\u00a0<\/a><\/li>\n<\/ul>\n<div style=\"width: 270px;\" class=\"wp-video\"><video class=\"wp-video-shortcode\" id=\"video-132-1\" width=\"270\" height=\"480\" preload=\"metadata\" controls=\"controls\"><source type=\"video\/mp4\" src=\"https:\/\/www.cfa-colmar.com\/wp-content\/uploads\/2023\/09\/CFA_REEL_POLE-GASTRONOMIE.mp4?_=1\" \/><a href=\"https:\/\/www.cfa-colmar.com\/wp-content\/uploads\/2023\/09\/CFA_REEL_POLE-GASTRONOMIE.mp4\">https:\/\/www.cfa-colmar.com\/wp-content\/uploads\/2023\/09\/CFA_REEL_POLE-GASTRONOMIE.mp4<\/a><\/video><\/div>\n<p><!-- \/wp:list --><!-- wp:list --><\/p>\n<ul>\n<li><a href=\"https:\/\/www.cfa-colmar.com\/index.php\/pole-beaute\/\">P\u00f4le \u00ab\u00a0Beaut\u00e9\u00a0\u00bb (Coiffure, Esth\u00e9tique) :\u00a0<\/a><\/li>\n<\/ul>\n<div style=\"width: 270px;\" class=\"wp-video\"><video class=\"wp-video-shortcode\" id=\"video-132-2\" width=\"270\" height=\"480\" preload=\"metadata\" controls=\"controls\"><source type=\"video\/mp4\" src=\"https:\/\/www.cfa-colmar.com\/wp-content\/uploads\/2023\/09\/CFA_REEL_POLE-BEAUTE.mp4?_=2\" \/><a href=\"https:\/\/www.cfa-colmar.com\/wp-content\/uploads\/2023\/09\/CFA_REEL_POLE-BEAUTE.mp4\">https:\/\/www.cfa-colmar.com\/wp-content\/uploads\/2023\/09\/CFA_REEL_POLE-BEAUTE.mp4<\/a><\/video><\/div>\n<p><!-- \/wp:list --><!-- wp:list --><\/p>\n<ul>\n<li><a href=\"https:\/\/www.cfa-colmar.com\/index.php\/pole-commerce\/\">P\u00f4le \u00ab\u00a0Commerce Vente\u00a0\u00bb :\u00a0<\/a><\/li>\n<\/ul>\n<div style=\"width: 270px;\" class=\"wp-video\"><video class=\"wp-video-shortcode\" id=\"video-132-3\" width=\"270\" height=\"480\" preload=\"metadata\" controls=\"controls\"><source type=\"video\/mp4\" src=\"https:\/\/www.cfa-colmar.com\/wp-content\/uploads\/2023\/09\/CFA_REEL_POLE-COMMERCE-ET-VENTE.mp4?_=3\" \/><a href=\"https:\/\/www.cfa-colmar.com\/wp-content\/uploads\/2023\/09\/CFA_REEL_POLE-COMMERCE-ET-VENTE.mp4\">https:\/\/www.cfa-colmar.com\/wp-content\/uploads\/2023\/09\/CFA_REEL_POLE-COMMERCE-ET-VENTE.mp4<\/a><\/video><\/div>\n<p><!-- \/wp:list --><!-- wp:list --><\/p>\n<ul>\n<li><a href=\"https:\/\/www.cfa-colmar.com\/index.php\/pole-energies-et-fluides\/\">P\u00f4le \u00ab\u00a0Energies et Construction\u00a0\u00bb (\u00c9lectricit\u00e9, Chauffage Sanitaire, M\u00e9tallerie) :<\/a><\/li>\n<\/ul>\n<p><!-- \/wp:list --><!-- wp:list --><\/p>\n<div style=\"width: 270px;\" class=\"wp-video\"><video class=\"wp-video-shortcode\" id=\"video-132-4\" width=\"270\" height=\"480\" preload=\"metadata\" controls=\"controls\"><source type=\"video\/mp4\" src=\"https:\/\/www.cfa-colmar.com\/wp-content\/uploads\/2023\/09\/CFA_REEL_POLE-ENERGIE-ET-CONSTRUCTION.mp4?_=4\" \/><a href=\"https:\/\/www.cfa-colmar.com\/wp-content\/uploads\/2023\/09\/CFA_REEL_POLE-ENERGIE-ET-CONSTRUCTION.mp4\">https:\/\/www.cfa-colmar.com\/wp-content\/uploads\/2023\/09\/CFA_REEL_POLE-ENERGIE-ET-CONSTRUCTION.mp4<\/a><\/video><\/div>\n<p><!-- \/wp:list --><!-- wp:list --><\/p>\n<ul>\n<li><a href=\"https:\/\/www.cfa-colmar.com\/index.php\/pole-automobile\/\">P\u00f4le \u00ab\u00a0Automobile\u00a0\u00bb :\u00a0<\/a><\/li>\n<\/ul>\n<div style=\"width: 270px;\" class=\"wp-video\"><video class=\"wp-video-shortcode\" id=\"video-132-5\" width=\"270\" height=\"480\" preload=\"metadata\" controls=\"controls\"><source type=\"video\/mp4\" src=\"https:\/\/www.cfa-colmar.com\/wp-content\/uploads\/2023\/09\/CFA_REEL_POLE-AUTOMOBILE.mp4?_=5\" \/><a href=\"https:\/\/www.cfa-colmar.com\/wp-content\/uploads\/2023\/09\/CFA_REEL_POLE-AUTOMOBILE.mp4\">https:\/\/www.cfa-colmar.com\/wp-content\/uploads\/2023\/09\/CFA_REEL_POLE-AUTOMOBILE.mp4<\/a><\/video><\/div>\n<p><!-- \/wp:list --><!-- wp:paragraph --><\/p>\n<p>\u00a0<\/p>\n<p><!-- \/wp:paragraph --><\/p>\t\t\t\t\t\t<\/div>\n\t\t\t\t<\/div>\n\t\t\t\t\t<\/div>\n\t\t<\/div>\n\t\t\t\t\t\t\t<\/div>\n\t\t<\/section>\n\t\t\t\t\t\t<\/div>\n\t\t\t\t\t<\/div>\n\t\t","protected":false},"excerpt":{"rendered":"<p>Nota Bene : Pas de s\u00e9lection \u00e0 l&rsquo;entr\u00e9e en CAP Formation compl\u00e8te dispens\u00e9e par apprentissage L&rsquo;acc\u00e8s aux formations dispens\u00e9es est possible aux titulaires de dipl\u00f4mes, titres connexes ou p\u00e9riph\u00e9riques Possibilit\u00e9 d&rsquo;individualisation des parcours de ma formation en fonction des acquis<\/p>\n","protected":false},"author":1,"featured_media":0,"parent":0,"menu_order":0,"comment_status":"closed","ping_status":"closed","template":"","meta":{"footnotes":""},"class_list":["post-132","page","type-page","status-publish","hentry"],"_links":{"self":[{"href":"https:\/\/www.cfa-colmar.com\/index.php\/wp-json\/wp\/v2\/pages\/132","targetHints":{"allow":["GET"]}}],"collection":[{"href":"https:\/\/www.cfa-colmar.com\/index.php\/wp-json\/wp\/v2\/pages"}],"about":[{"href":"https:\/\/www.cfa-colmar.com\/index.php\/wp-json\/wp\/v2\/types\/page"}],"author":[{"embeddable":true,"href":"https:\/\/www.cfa-colmar.com\/index.php\/wp-json\/wp\/v2\/users\/1"}],"replies":[{"embeddable":true,"href":"https:\/\/www.cfa-colmar.com\/index.php\/wp-json\/wp\/v2\/comments?post=132"}],"version-history":[{"count":152,"href":"https:\/\/www.cfa-colmar.com\/index.php\/wp-json\/wp\/v2\/pages\/132\/revisions"}],"predecessor-version":[{"id":6638,"href":"https:\/\/www.cfa-colmar.com\/index.php\/wp-json\/wp\/v2\/pages\/132\/revisions\/6638"}],"wp:attachment":[{"href":"https:\/\/www.cfa-colmar.com\/index.php\/wp-json\/wp\/v2\/media?parent=132"}],"curies":[{"name":"wp","href":"https:\/\/api.w.org\/{rel}","templated":true}]}}