{"id":151,"date":"2019-05-09T14:54:47","date_gmt":"2019-05-09T12:54:47","guid":{"rendered":"http:\/\/www.cfa-colmar.com\/?page_id=151"},"modified":"2025-07-09T14:05:53","modified_gmt":"2025-07-09T12:05:53","slug":"pole-gastronomie","status":"publish","type":"page","link":"https:\/\/www.cfa-colmar.com\/index.php\/pole-gastronomie\/","title":{"rendered":"P\u00f4le \u00ab\u00a0Gastronomie\u00a0\u00bb"},"content":{"rendered":"\t\t<div data-elementor-type=\"wp-page\" data-elementor-id=\"151\" class=\"elementor elementor-151\" data-elementor-settings=\"[]\">\n\t\t\t\t\t\t\t<div class=\"elementor-section-wrap\">\n\t\t\t\t\t\t\t<section class=\"elementor-section elementor-top-section elementor-element elementor-element-7249232c elementor-section-boxed elementor-section-height-default elementor-section-height-default\" data-id=\"7249232c\" data-element_type=\"section\">\n\t\t\t\t\t\t<div class=\"elementor-container elementor-column-gap-default\">\n\t\t\t\t\t<div class=\"elementor-column elementor-col-100 elementor-top-column elementor-element elementor-element-1dfba804\" data-id=\"1dfba804\" data-element_type=\"column\">\n\t\t\t<div class=\"elementor-widget-wrap elementor-element-populated\">\n\t\t\t\t\t\t\t\t<div class=\"elementor-element elementor-element-70a7a332 elementor-widget elementor-widget-text-editor\" data-id=\"70a7a332\" data-element_type=\"widget\" data-widget_type=\"text-editor.default\">\n\t\t\t\t<div class=\"elementor-widget-container\">\n\t\t\t<style>\/*! elementor - v3.5.6 - 28-02-2022 *\/\n.elementor-widget-text-editor.elementor-drop-cap-view-stacked .elementor-drop-cap{background-color:#818a91;color:#fff}.elementor-widget-text-editor.elementor-drop-cap-view-framed .elementor-drop-cap{color:#818a91;border:3px solid;background-color:transparent}.elementor-widget-text-editor:not(.elementor-drop-cap-view-default) .elementor-drop-cap{margin-top:8px}.elementor-widget-text-editor:not(.elementor-drop-cap-view-default) .elementor-drop-cap-letter{width:1em;height:1em}.elementor-widget-text-editor .elementor-drop-cap{float:left;text-align:center;line-height:1;font-size:50px}.elementor-widget-text-editor .elementor-drop-cap-letter{display:inline-block}<\/style>\t\t\t\t<h1><strong>Boucherie Charcuterie Traiteur<\/strong><\/h1>\n<p><!-- \/wp:heading --><\/p>\n<p><!-- wp:list {\"textColor\":\"black\"} --><\/p>\n<ul class=\"has-black-color has-text-color\">\n<li>CAP Boucher<\/li>\n<li>CAP Charcuterie-Traiteur<\/li>\n<li>CTM Boucher Charcutier Traiteur<\/li>\n<\/ul>\n<p><!-- \/wp:list --><\/p>\n<p><!-- wp:video {\"id\":176} --><\/p>\n<figure class=\"wp-block-video\"><\/figure>\n<p><!-- \/wp:video --><\/p>\n<p><!-- wp:paragraph --><\/p>\n<p><!-- \/wp:paragraph --><\/p>\n<p><!-- wp:heading {\"level\":1} --><\/p>\n<h1><strong>Boulangerie<\/strong><\/h1>\n<p><!-- \/wp:heading --><\/p>\n<p><!-- wp:list {\"textColor\":\"black\"} --><\/p>\n<ul class=\"has-black-color has-text-color\">\n<li>CAP Boulanger<\/li>\n<li>CS Techniques du Tour en Boulangerie et en P\u00e2tisserie<\/li>\n<li>BP Boulanger<\/li>\n<\/ul>\n<p><!-- \/wp:list --><\/p>\n<p><!-- wp:heading {\"level\":1} --><\/p>\n<h1><strong>P\u00e2tisserie<\/strong><\/h1>\n<p><!-- \/wp:heading --><\/p>\n<p><!-- wp:list {\"textColor\":\"black\"} --><\/p>\n<ul class=\"has-black-color has-text-color\">\n<li>CAP P\u00e2tissier<\/li>\n<li>CAP Chocolaterie Confiserie<\/li>\n<li>CS P\u00e2tisserie de Boutique<\/li>\n<li>CS Techniques du Tour en Boulangerie et en P\u00e2tisserie<\/li>\n<li>BTM P\u00e2tissier Confiseur Glacier Traiteur\u00a0<\/li>\n<\/ul>\n<p>\u00a0<\/p>\n<div style=\"width: 750px;\" class=\"wp-video\"><video class=\"wp-video-shortcode\" id=\"video-151-1\" width=\"750\" height=\"1333\" preload=\"metadata\" controls=\"controls\"><source type=\"video\/mp4\" src=\"https:\/\/www.cfa-colmar.com\/wp-content\/uploads\/2023\/09\/CFA_REEL_POLE-GASTRONOMIE.mp4?_=1\" \/><a href=\"https:\/\/www.cfa-colmar.com\/wp-content\/uploads\/2023\/09\/CFA_REEL_POLE-GASTRONOMIE.mp4\">https:\/\/www.cfa-colmar.com\/wp-content\/uploads\/2023\/09\/CFA_REEL_POLE-GASTRONOMIE.mp4<\/a><\/video><\/div>\n<p><!-- \/wp:list --><\/p>\n<p><!-- wp:video {\"id\":177} --><\/p>\n<figure class=\"wp-block-video\"><\/figure>\n<p><!-- \/wp:video --><\/p>\t\t\t\t\t\t<\/div>\n\t\t\t\t<\/div>\n\t\t\t\t\t<\/div>\n\t\t<\/div>\n\t\t\t\t\t\t\t<\/div>\n\t\t<\/section>\n\t\t\t\t\t\t<\/div>\n\t\t\t\t\t<\/div>\n\t\t","protected":false},"excerpt":{"rendered":"<p>Boucherie Charcuterie Traiteur CAP Boucher CAP Charcuterie-Traiteur CTM Boucher Charcutier Traiteur Boulangerie CAP Boulanger CS Techniques du Tour en Boulangerie et en P\u00e2tisserie BP Boulanger P\u00e2tisserie CAP P\u00e2tissier CAP Chocolaterie Confiserie CS P\u00e2tisserie de Boutique CS Techniques du Tour en<\/p>\n","protected":false},"author":1,"featured_media":0,"parent":0,"menu_order":0,"comment_status":"closed","ping_status":"closed","template":"","meta":{"footnotes":""},"class_list":["post-151","page","type-page","status-publish","hentry"],"_links":{"self":[{"href":"https:\/\/www.cfa-colmar.com\/index.php\/wp-json\/wp\/v2\/pages\/151","targetHints":{"allow":["GET"]}}],"collection":[{"href":"https:\/\/www.cfa-colmar.com\/index.php\/wp-json\/wp\/v2\/pages"}],"about":[{"href":"https:\/\/www.cfa-colmar.com\/index.php\/wp-json\/wp\/v2\/types\/page"}],"author":[{"embeddable":true,"href":"https:\/\/www.cfa-colmar.com\/index.php\/wp-json\/wp\/v2\/users\/1"}],"replies":[{"embeddable":true,"href":"https:\/\/www.cfa-colmar.com\/index.php\/wp-json\/wp\/v2\/comments?post=151"}],"version-history":[{"count":37,"href":"https:\/\/www.cfa-colmar.com\/index.php\/wp-json\/wp\/v2\/pages\/151\/revisions"}],"predecessor-version":[{"id":5955,"href":"https:\/\/www.cfa-colmar.com\/index.php\/wp-json\/wp\/v2\/pages\/151\/revisions\/5955"}],"wp:attachment":[{"href":"https:\/\/www.cfa-colmar.com\/index.php\/wp-json\/wp\/v2\/media?parent=151"}],"curies":[{"name":"wp","href":"https:\/\/api.w.org\/{rel}","templated":true}]}}