{"id":153,"date":"2019-05-09T14:58:56","date_gmt":"2019-05-09T12:58:56","guid":{"rendered":"http:\/\/www.cfa-colmar.com\/?page_id=153"},"modified":"2024-04-09T09:51:27","modified_gmt":"2024-04-09T07:51:27","slug":"pole-beaute","status":"publish","type":"page","link":"https:\/\/www.cfa-colmar.com\/index.php\/pole-beaute\/","title":{"rendered":"P\u00f4le \u00ab\u00a0Beaut\u00e9\u00a0\u00bb"},"content":{"rendered":"\t\t<div data-elementor-type=\"wp-page\" data-elementor-id=\"153\" class=\"elementor elementor-153\" data-elementor-settings=\"[]\">\n\t\t\t\t\t\t\t<div class=\"elementor-section-wrap\">\n\t\t\t\t\t\t\t<section class=\"elementor-section elementor-top-section elementor-element elementor-element-37a0e6db elementor-section-boxed elementor-section-height-default elementor-section-height-default\" data-id=\"37a0e6db\" data-element_type=\"section\">\n\t\t\t\t\t\t<div class=\"elementor-container elementor-column-gap-default\">\n\t\t\t\t\t<div class=\"elementor-column elementor-col-100 elementor-top-column elementor-element elementor-element-23fac331\" data-id=\"23fac331\" data-element_type=\"column\">\n\t\t\t<div class=\"elementor-widget-wrap elementor-element-populated\">\n\t\t\t\t\t\t\t\t<div class=\"elementor-element elementor-element-3336170 elementor-widget elementor-widget-text-editor\" data-id=\"3336170\" data-element_type=\"widget\" data-widget_type=\"text-editor.default\">\n\t\t\t\t<div class=\"elementor-widget-container\">\n\t\t\t<style>\/*! elementor - v3.5.6 - 28-02-2022 *\/\n.elementor-widget-text-editor.elementor-drop-cap-view-stacked .elementor-drop-cap{background-color:#818a91;color:#fff}.elementor-widget-text-editor.elementor-drop-cap-view-framed .elementor-drop-cap{color:#818a91;border:3px solid;background-color:transparent}.elementor-widget-text-editor:not(.elementor-drop-cap-view-default) .elementor-drop-cap{margin-top:8px}.elementor-widget-text-editor:not(.elementor-drop-cap-view-default) .elementor-drop-cap-letter{width:1em;height:1em}.elementor-widget-text-editor .elementor-drop-cap{float:left;text-align:center;line-height:1;font-size:50px}.elementor-widget-text-editor .elementor-drop-cap-letter{display:inline-block}<\/style>\t\t\t\t<!-- wp:heading {\"level\":1} -->\n<h1>Coiffure<\/h1>\n<!-- \/wp:heading --><!-- wp:list -->\n<ul>\n<li>CAP M\u00e9tiers de la Coiffure<\/li>\n<li>BP Coiffure<\/li>\n<li>BM Coiffeur<\/li>\n<\/ul>\n<!-- \/wp:list --><!-- wp:video {\"id\":172} -->\n<figure class=\"wp-block-video\"><\/figure>\n<!-- \/wp:video --><!-- wp:heading {\"level\":1} -->\n<h1>Esth\u00e9tique<\/h1>\n<!-- \/wp:heading --><!-- wp:list -->\n<ul>\n<li>CAP Esth\u00e9tique Cosm\u00e9tique Parfumerie<\/li>\n<li>BP Esth\u00e9tique Cosm\u00e9tique Parfumerie<\/li>\n<li>BM Esth\u00e9ticien(ne) Cosm\u00e9ticien(ne)<\/li>\n<\/ul>\n<div style=\"width: 750px;\" class=\"wp-video\"><video class=\"wp-video-shortcode\" id=\"video-153-1\" width=\"750\" height=\"1333\" preload=\"metadata\" controls=\"controls\"><source type=\"video\/mp4\" src=\"https:\/\/www.cfa-colmar.com\/wp-content\/uploads\/2023\/09\/CFA_REEL_POLE-BEAUTE.mp4?_=1\" \/><a href=\"https:\/\/www.cfa-colmar.com\/wp-content\/uploads\/2023\/09\/CFA_REEL_POLE-BEAUTE.mp4\">https:\/\/www.cfa-colmar.com\/wp-content\/uploads\/2023\/09\/CFA_REEL_POLE-BEAUTE.mp4<\/a><\/video><\/div>\n<!-- \/wp:list --><!-- wp:video {\"id\":178} -->\n<figure class=\"wp-block-video\"><\/figure>\n<!-- \/wp:video --><!-- wp:heading -->\n<h2>\u00a0<\/h2>\n<!-- \/wp:heading --><!-- wp:paragraph -->\n<p>\u00a0<\/p>\n<!-- \/wp:paragraph --><!-- wp:paragraph -->\n<p>\u00a0<\/p>\n<!-- \/wp:paragraph --><!-- wp:paragraph -->\n<p>\u00a0<\/p>\n<!-- \/wp:paragraph -->\t\t\t\t\t\t<\/div>\n\t\t\t\t<\/div>\n\t\t\t\t\t<\/div>\n\t\t<\/div>\n\t\t\t\t\t\t\t<\/div>\n\t\t<\/section>\n\t\t\t\t\t\t<\/div>\n\t\t\t\t\t<\/div>\n\t\t","protected":false},"excerpt":{"rendered":"<p>Coiffure CAP M\u00e9tiers de la Coiffure BP Coiffure BM Coiffeur Esth\u00e9tique CAP Esth\u00e9tique Cosm\u00e9tique Parfumerie BP Esth\u00e9tique Cosm\u00e9tique Parfumerie BM Esth\u00e9ticien(ne) Cosm\u00e9ticien(ne) \u00a0 \u00a0 \u00a0 \u00a0<\/p>\n","protected":false},"author":1,"featured_media":0,"parent":0,"menu_order":0,"comment_status":"closed","ping_status":"closed","template":"","meta":{"footnotes":""},"class_list":["post-153","page","type-page","status-publish","hentry"],"_links":{"self":[{"href":"https:\/\/www.cfa-colmar.com\/index.php\/wp-json\/wp\/v2\/pages\/153","targetHints":{"allow":["GET"]}}],"collection":[{"href":"https:\/\/www.cfa-colmar.com\/index.php\/wp-json\/wp\/v2\/pages"}],"about":[{"href":"https:\/\/www.cfa-colmar.com\/index.php\/wp-json\/wp\/v2\/types\/page"}],"author":[{"embeddable":true,"href":"https:\/\/www.cfa-colmar.com\/index.php\/wp-json\/wp\/v2\/users\/1"}],"replies":[{"embeddable":true,"href":"https:\/\/www.cfa-colmar.com\/index.php\/wp-json\/wp\/v2\/comments?post=153"}],"version-history":[{"count":18,"href":"https:\/\/www.cfa-colmar.com\/index.php\/wp-json\/wp\/v2\/pages\/153\/revisions"}],"predecessor-version":[{"id":4209,"href":"https:\/\/www.cfa-colmar.com\/index.php\/wp-json\/wp\/v2\/pages\/153\/revisions\/4209"}],"wp:attachment":[{"href":"https:\/\/www.cfa-colmar.com\/index.php\/wp-json\/wp\/v2\/media?parent=153"}],"curies":[{"name":"wp","href":"https:\/\/api.w.org\/{rel}","templated":true}]}}