{"id":7,"date":"2019-03-05T09:33:18","date_gmt":"2019-03-05T08:33:18","guid":{"rendered":"http:\/\/www.cfa-colmar.com\/?page_id=7"},"modified":"2026-03-05T10:41:17","modified_gmt":"2026-03-05T09:41:17","slug":"a-propos-de","status":"publish","type":"page","link":"https:\/\/www.cfa-colmar.com\/index.php\/a-propos-de\/","title":{"rendered":"\u00c0 propos de nous"},"content":{"rendered":"\t\t<div data-elementor-type=\"wp-page\" data-elementor-id=\"7\" class=\"elementor elementor-7\" data-elementor-settings=\"[]\">\n\t\t\t\t\t\t\t<div class=\"elementor-section-wrap\">\n\t\t\t\t\t\t\t<section class=\"elementor-section elementor-top-section elementor-element elementor-element-50d26171 elementor-section-boxed elementor-section-height-default elementor-section-height-default\" data-id=\"50d26171\" data-element_type=\"section\">\n\t\t\t\t\t\t<div class=\"elementor-container elementor-column-gap-default\">\n\t\t\t\t\t<div class=\"elementor-column elementor-col-100 elementor-top-column elementor-element elementor-element-5d1b9f3\" data-id=\"5d1b9f3\" data-element_type=\"column\">\n\t\t\t<div class=\"elementor-widget-wrap\">\n\t\t\t\t\t\t\t\t\t<\/div>\n\t\t<\/div>\n\t\t\t\t\t\t\t<\/div>\n\t\t<\/section>\n\t\t\t\t<section class=\"elementor-section elementor-top-section elementor-element elementor-element-179aa4d elementor-section-boxed elementor-section-height-default elementor-section-height-default\" data-id=\"179aa4d\" data-element_type=\"section\">\n\t\t\t\t\t\t<div class=\"elementor-container elementor-column-gap-default\">\n\t\t\t\t\t<div class=\"elementor-column elementor-col-100 elementor-top-column elementor-element elementor-element-b4920e5\" data-id=\"b4920e5\" data-element_type=\"column\">\n\t\t\t<div class=\"elementor-widget-wrap elementor-element-populated\">\n\t\t\t\t\t\t\t\t<div class=\"elementor-element elementor-element-b8d0534 elementor-widget elementor-widget-text-editor\" data-id=\"b8d0534\" data-element_type=\"widget\" data-widget_type=\"text-editor.default\">\n\t\t\t\t<div class=\"elementor-widget-container\">\n\t\t\t<style>\/*! elementor - v3.5.6 - 28-02-2022 *\/\n.elementor-widget-text-editor.elementor-drop-cap-view-stacked .elementor-drop-cap{background-color:#818a91;color:#fff}.elementor-widget-text-editor.elementor-drop-cap-view-framed .elementor-drop-cap{color:#818a91;border:3px solid;background-color:transparent}.elementor-widget-text-editor:not(.elementor-drop-cap-view-default) .elementor-drop-cap{margin-top:8px}.elementor-widget-text-editor:not(.elementor-drop-cap-view-default) .elementor-drop-cap-letter{width:1em;height:1em}.elementor-widget-text-editor .elementor-drop-cap{float:left;text-align:center;line-height:1;font-size:50px}.elementor-widget-text-editor .elementor-drop-cap-letter{display:inline-block}<\/style>\t\t\t\t<p>Le CFA Centre Alsace \u00ab\u00a0Marcel Rudloff\u00a0\u00bb de Colmar est un des plus grand CFA associatif et multi-professionnel <em>in situ<\/em> de la r\u00e9gion Grand Est.<\/p>\n<p>L&rsquo;Association de gestion du CFA est actuellement pr\u00e9sid\u00e9e par M. Martin STOLL, Responsable D\u00e9veloppement de Torregrossa \u00e0 Sainte Croix en Plaine.<\/p>\n<p>Notre \u00e9tablissement est ouvert \u00e0 tous publics, d\u00e8s lors que vous avez un contrat d&rsquo;apprentissage. Nous sommes en mesure de mettre en oeuvre des parcours personnalis\u00e9s, de prendre en compte des situations de handicap, de vous proposer des s\u00e9ances de soutien, etc&#8230;<\/p>\n<p>Chaque ann\u00e9e, nous formons avec plus de 700 entreprises partenaires plus de 1100 apprentis dans 32 dipl\u00f4mes.<\/p>\n<p>Ces derniers se r\u00e9partissent en 5 p\u00f4les diff\u00e9rents :<\/p>\n<ul>\n<li><a href=\"https:\/\/www.cfa-colmar.com\/index.php\/pole-gastronomie\/\">P\u00f4le \u00ab\u00a0Gastronomie \u00a0\u00bb (Boulangerie, P\u00e2tisserie, Chocolaterie, Boucherie)<\/a><\/li>\n<li><a href=\"https:\/\/www.cfa-colmar.com\/index.php\/pole-beaute\/\">P\u00f4le \u00ab\u00a0Beaut\u00e9\u00a0\u00bb (Coiffure, Esth\u00e9tique)<\/a><\/li>\n<li><a href=\"https:\/\/www.cfa-colmar.com\/index.php\/pole-commerce\/\">P\u00f4le \u00ab\u00a0Commerce Vente\u00a0\u00bb<\/a><\/li>\n<li><a href=\"https:\/\/www.cfa-colmar.com\/index.php\/pole-energies-et-fluides\/\">P\u00f4le \u00ab\u00a0Energies et Construction\u00a0\u00bb (\u00c9lectricit\u00e9, Chauffage Sanitaire, M\u00e9tallerie)<\/a><\/li>\n<li><a href=\"https:\/\/www.cfa-colmar.com\/index.php\/pole-automobile\/\">P\u00f4le \u00ab\u00a0Automobile\u00a0\u00bb<\/a><\/li>\n<\/ul>\n<p><br \/>Notre \u00e9quipe est constitu\u00e9e de 49 enseignants et 16 personnels administratifs et de services.<\/p>\n<p><a href=\"https:\/\/www.cfa-colmar.com\/wp-content\/uploads\/2026\/01\/declaration_egapro_343964375_2026.pdf\" target=\"_blank\" rel=\"noopener\">Index de l&rsquo;\u00e9galit\u00e9 professionnelle entre les femmes et les hommes pour l&rsquo;ann\u00e9e 2026 au titre des donn\u00e9es 2025. R\u00e9sultat final sur 100 points : 88<\/a><\/p>\n<div class=\"text_exposed_show\">\u00a0<\/div>\n<p><!-- wp:paragraph --><\/p>\n<p><!-- \/wp:paragraph --><\/p>\t\t\t\t\t\t<\/div>\n\t\t\t\t<\/div>\n\t\t\t\t<div class=\"elementor-element elementor-element-9ed3b7a elementor-widget elementor-widget-heading\" data-id=\"9ed3b7a\" data-element_type=\"widget\" data-widget_type=\"heading.default\">\n\t\t\t\t<div class=\"elementor-widget-container\">\n\t\t\t<style>\/*! elementor - v3.5.6 - 28-02-2022 *\/\n.elementor-heading-title{padding:0;margin:0;line-height:1}.elementor-widget-heading .elementor-heading-title[class*=elementor-size-]>a{color:inherit;font-size:inherit;line-height:inherit}.elementor-widget-heading .elementor-heading-title.elementor-size-small{font-size:15px}.elementor-widget-heading .elementor-heading-title.elementor-size-medium{font-size:19px}.elementor-widget-heading .elementor-heading-title.elementor-size-large{font-size:29px}.elementor-widget-heading .elementor-heading-title.elementor-size-xl{font-size:39px}.elementor-widget-heading .elementor-heading-title.elementor-size-xxl{font-size:59px}<\/style><h2 class=\"elementor-heading-title elementor-size-default\"><a href=\"https:\/\/www.cfa-colmar.com\/wp-content\/uploads\/2026\/03\/NOS-CHIFFRES-V5.pdf\" target=\"_blank\">Nos indicateurs de r\u00e9sultats (cliquez ici pour + de d\u00e9tails)<\/a><\/h2>\t\t<\/div>\n\t\t\t\t<\/div>\n\t\t\t\t\t<\/div>\n\t\t<\/div>\n\t\t\t\t\t\t\t<\/div>\n\t\t<\/section>\n\t\t\t\t<section class=\"elementor-section elementor-top-section elementor-element elementor-element-e3aeb81 elementor-section-boxed elementor-section-height-default elementor-section-height-default\" data-id=\"e3aeb81\" data-element_type=\"section\">\n\t\t\t\t\t\t<div class=\"elementor-container elementor-column-gap-default\">\n\t\t\t\t\t<div class=\"elementor-column elementor-col-100 elementor-top-column elementor-element elementor-element-1605e68\" data-id=\"1605e68\" data-element_type=\"column\">\n\t\t\t<div class=\"elementor-widget-wrap elementor-element-populated\">\n\t\t\t\t\t\t\t\t<div class=\"elementor-element elementor-element-5f3f1fe elementor-widget elementor-widget-text-editor\" data-id=\"5f3f1fe\" data-element_type=\"widget\" data-widget_type=\"text-editor.default\">\n\t\t\t\t<div class=\"elementor-widget-container\">\n\t\t\t\t\t\t\t<p>Extrait de l&rsquo;article L.6111-8 du Code du travail : <br \/>\u00ab\u00a0Chaque ann\u00e9e, pour chaque centre de formation d&rsquo;apprentis et pour chaque lyc\u00e9e professionnel, sont rendus publics quand les effectifs concern\u00e9s sont suffisants\u00a0\u00bb :<br \/>1\u00b0 Le taux d&rsquo;obtention des dipl\u00f4mes ou titres professionnels ;<br \/>2\u00b0 Le taux de poursuite d&rsquo;\u00e9tudes ; <br \/>3\u00b0 Le taux d&rsquo;interruption en cours de formation ; <br \/>4\u00b0 Le taux d&rsquo;insertion professionnelle des sortants de l&rsquo;\u00e9tablissement concern\u00e9, \u00e0 la suite des formations dispens\u00e9es ;<br \/>5\u00b0 La valeur ajout\u00e9e de l&rsquo;\u00e9tablissement. <br \/>Pour chaque centre de formation d&rsquo;apprentis, est \u00e9galement rendu public chaque ann\u00e9e le taux de rupture des contrats d&rsquo;apprentissage conclus.\u00a0\u00bb<\/p>\n<p><a href=\"https:\/\/www.inserjeunes.education.gouv.fr\/diffusion\/etablissement?id_uai=0681498J\" target=\"_blank\" rel=\"noopener\">En compl\u00e9ment pour les taux d&#8217;emplois et les taux de poursuite d&rsquo;\u00e9tudes : InserJeunes<\/a><\/p>\n<p>Taux de r\u00e9ussite aux examens : <strong>85,2%<\/strong> (en moyenne sur les 3 derni\u00e8res ann\u00e9es)<\/p>\n<p>Taux de satisfaction : <strong>81,2%<\/strong> des employeurs satisfaits ; <strong>89,6%<\/strong> des apprentis satisfaits<\/p>\t\t\t\t\t\t<\/div>\n\t\t\t\t<\/div>\n\t\t\t\t\t<\/div>\n\t\t<\/div>\n\t\t\t\t\t\t\t<\/div>\n\t\t<\/section>\n\t\t\t\t<section class=\"elementor-section elementor-top-section elementor-element elementor-element-16b0fec elementor-section-boxed elementor-section-height-default elementor-section-height-default\" data-id=\"16b0fec\" data-element_type=\"section\">\n\t\t\t\t\t\t<div class=\"elementor-container elementor-column-gap-default\">\n\t\t\t\t\t<div class=\"elementor-column elementor-col-100 elementor-top-column elementor-element elementor-element-4eebef5\" data-id=\"4eebef5\" data-element_type=\"column\">\n\t\t\t<div class=\"elementor-widget-wrap elementor-element-populated\">\n\t\t\t\t\t\t\t\t<div class=\"elementor-element elementor-element-d65aeb2 elementor-widget elementor-widget-spacer\" data-id=\"d65aeb2\" data-element_type=\"widget\" data-widget_type=\"spacer.default\">\n\t\t\t\t<div class=\"elementor-widget-container\">\n\t\t\t\t\t<div class=\"elementor-spacer\">\n\t\t\t<div class=\"elementor-spacer-inner\"><\/div>\n\t\t<\/div>\n\t\t\t\t<\/div>\n\t\t\t\t<\/div>\n\t\t\t\t\t<\/div>\n\t\t<\/div>\n\t\t\t\t\t\t\t<\/div>\n\t\t<\/section>\n\t\t\t\t<section class=\"elementor-section elementor-top-section elementor-element elementor-element-a87e15d elementor-section-boxed elementor-section-height-default elementor-section-height-default\" data-id=\"a87e15d\" data-element_type=\"section\">\n\t\t\t\t\t\t<div class=\"elementor-container elementor-column-gap-default\">\n\t\t\t\t\t<div class=\"elementor-column elementor-col-100 elementor-top-column elementor-element elementor-element-0e7b475\" data-id=\"0e7b475\" data-element_type=\"column\">\n\t\t\t<div class=\"elementor-widget-wrap elementor-element-populated\">\n\t\t\t\t\t\t\t\t\t<\/div>\n\t\t<\/div>\n\t\t\t\t\t\t\t<\/div>\n\t\t<\/section>\n\t\t\t\t<section class=\"elementor-section elementor-top-section elementor-element elementor-element-e2a7cd5 elementor-section-boxed elementor-section-height-default elementor-section-height-default\" data-id=\"e2a7cd5\" data-element_type=\"section\">\n\t\t\t\t\t\t<div class=\"elementor-container elementor-column-gap-default\">\n\t\t\t\t\t<div class=\"elementor-column elementor-col-100 elementor-top-column elementor-element elementor-element-d1fde13\" data-id=\"d1fde13\" data-element_type=\"column\">\n\t\t\t<div class=\"elementor-widget-wrap elementor-element-populated\">\n\t\t\t\t\t\t\t\t<div class=\"elementor-element elementor-element-bb3da70 elementor-widget elementor-widget-spacer\" data-id=\"bb3da70\" data-element_type=\"widget\" data-widget_type=\"spacer.default\">\n\t\t\t\t<div class=\"elementor-widget-container\">\n\t\t\t\t\t<div class=\"elementor-spacer\">\n\t\t\t<div class=\"elementor-spacer-inner\"><\/div>\n\t\t<\/div>\n\t\t\t\t<\/div>\n\t\t\t\t<\/div>\n\t\t\t\t\t<\/div>\n\t\t<\/div>\n\t\t\t\t\t\t\t<\/div>\n\t\t<\/section>\n\t\t\t\t<section class=\"elementor-section elementor-top-section elementor-element elementor-element-237c08b elementor-section-boxed elementor-section-height-default elementor-section-height-default\" data-id=\"237c08b\" data-element_type=\"section\">\n\t\t\t\t\t\t<div class=\"elementor-container elementor-column-gap-default\">\n\t\t\t\t\t<div class=\"elementor-column elementor-col-100 elementor-top-column elementor-element elementor-element-a9b58cf\" data-id=\"a9b58cf\" data-element_type=\"column\">\n\t\t\t<div class=\"elementor-widget-wrap elementor-element-populated\">\n\t\t\t\t\t\t\t\t<div class=\"elementor-element elementor-element-bb84ca6 elementor-widget elementor-widget-spacer\" data-id=\"bb84ca6\" data-element_type=\"widget\" data-widget_type=\"spacer.default\">\n\t\t\t\t<div class=\"elementor-widget-container\">\n\t\t\t\t\t<div class=\"elementor-spacer\">\n\t\t\t<div class=\"elementor-spacer-inner\"><\/div>\n\t\t<\/div>\n\t\t\t\t<\/div>\n\t\t\t\t<\/div>\n\t\t\t\t\t<\/div>\n\t\t<\/div>\n\t\t\t\t\t\t\t<\/div>\n\t\t<\/section>\n\t\t\t\t\t\t<\/div>\n\t\t\t\t\t<\/div>\n\t\t","protected":false},"excerpt":{"rendered":"<p>qui sommes nous?<\/p>\n","protected":false},"author":1,"featured_media":0,"parent":0,"menu_order":0,"comment_status":"closed","ping_status":"closed","template":"page-templates\/page-builder.php","meta":{"footnotes":""},"class_list":["post-7","page","type-page","status-publish","hentry"],"_links":{"self":[{"href":"https:\/\/www.cfa-colmar.com\/index.php\/wp-json\/wp\/v2\/pages\/7","targetHints":{"allow":["GET"]}}],"collection":[{"href":"https:\/\/www.cfa-colmar.com\/index.php\/wp-json\/wp\/v2\/pages"}],"about":[{"href":"https:\/\/www.cfa-colmar.com\/index.php\/wp-json\/wp\/v2\/types\/page"}],"author":[{"embeddable":true,"href":"https:\/\/www.cfa-colmar.com\/index.php\/wp-json\/wp\/v2\/users\/1"}],"replies":[{"embeddable":true,"href":"https:\/\/www.cfa-colmar.com\/index.php\/wp-json\/wp\/v2\/comments?post=7"}],"version-history":[{"count":247,"href":"https:\/\/www.cfa-colmar.com\/index.php\/wp-json\/wp\/v2\/pages\/7\/revisions"}],"predecessor-version":[{"id":6612,"href":"https:\/\/www.cfa-colmar.com\/index.php\/wp-json\/wp\/v2\/pages\/7\/revisions\/6612"}],"wp:attachment":[{"href":"https:\/\/www.cfa-colmar.com\/index.php\/wp-json\/wp\/v2\/media?parent=7"}],"curies":[{"name":"wp","href":"https:\/\/api.w.org\/{rel}","templated":true}]}}