{"id":80,"date":"2019-03-07T14:07:53","date_gmt":"2019-03-07T13:07:53","guid":{"rendered":"http:\/\/www.cfa-colmar.com\/?page_id=80"},"modified":"2026-04-17T15:47:45","modified_gmt":"2026-04-17T13:47:45","slug":"offres-dapprentissages","status":"publish","type":"page","link":"https:\/\/www.cfa-colmar.com\/index.php\/offres-dapprentissages\/","title":{"rendered":"Offres d&rsquo;Apprentissages"},"content":{"rendered":"\t\t<div data-elementor-type=\"wp-page\" data-elementor-id=\"80\" class=\"elementor elementor-80\" data-elementor-settings=\"[]\">\n\t\t\t\t\t\t\t<div class=\"elementor-section-wrap\">\n\t\t\t\t\t\t\t<section class=\"elementor-section elementor-top-section elementor-element elementor-element-793ae51d elementor-section-boxed elementor-section-height-default elementor-section-height-default\" data-id=\"793ae51d\" data-element_type=\"section\">\n\t\t\t\t\t\t<div class=\"elementor-container elementor-column-gap-default\">\n\t\t\t\t\t<div class=\"elementor-column elementor-col-100 elementor-top-column elementor-element elementor-element-6d1ec096\" data-id=\"6d1ec096\" data-element_type=\"column\">\n\t\t\t<div class=\"elementor-widget-wrap elementor-element-populated\">\n\t\t\t\t\t\t\t\t<div class=\"elementor-element elementor-element-6f1ac026 elementor-widget elementor-widget-text-editor\" data-id=\"6f1ac026\" data-element_type=\"widget\" data-widget_type=\"text-editor.default\">\n\t\t\t\t<div class=\"elementor-widget-container\">\n\t\t\t<style>\/*! elementor - v3.5.6 - 28-02-2022 *\/\n.elementor-widget-text-editor.elementor-drop-cap-view-stacked .elementor-drop-cap{background-color:#818a91;color:#fff}.elementor-widget-text-editor.elementor-drop-cap-view-framed .elementor-drop-cap{color:#818a91;border:3px solid;background-color:transparent}.elementor-widget-text-editor:not(.elementor-drop-cap-view-default) .elementor-drop-cap{margin-top:8px}.elementor-widget-text-editor:not(.elementor-drop-cap-view-default) .elementor-drop-cap-letter{width:1em;height:1em}.elementor-widget-text-editor .elementor-drop-cap{float:left;text-align:center;line-height:1;font-size:50px}.elementor-widget-text-editor .elementor-drop-cap-letter{display:inline-block}<\/style>\t\t\t\t<!-- wp:paragraph --><!-- \/wp:paragraph --><!-- wp:paragraph -->\n<p><strong>Nos offres de places en apprentissage<\/strong> :<\/p>\n<!-- \/wp:paragraph --><!-- wp:paragraph -->\n<p><a href=\"https:\/\/www.cfa-colmar.com\/wp-content\/uploads\/2026\/04\/Offres_BCT_10042026.pdf\" target=\"_blank\" rel=\"noreferrer noopener\" data-type=\"URL\">BOUCHERIE CHARCUTERIE TRAITEUR<\/a><\/p>\n<!-- \/wp:paragraph --><!-- wp:paragraph -->\n<p><a href=\"https:\/\/www.cfa-colmar.com\/wp-content\/uploads\/2026\/04\/Offres_BLG-PAT-CHOCO_17042026-1.pdf\" target=\"_blank\" rel=\"noreferrer noopener\">BOULANGERIE, P\u00c2TISSERIE ET CHOCOLATERIE<\/a><\/p>\n<!-- \/wp:paragraph --><!-- wp:paragraph -->\n<p><a href=\"https:\/\/www.cfa-colmar.com\/wp-content\/uploads\/2026\/04\/Offres_Commerce-Vente_17042026-1.pdf\" target=\"_blank\" rel=\"noreferrer noopener\">COMMERCE V<\/a><a href=\"https:\/\/www.cfa-colmar.com\/wp-content\/uploads\/2026\/04\/Offres_Commerce-Vente_17042026-1.pdf\" target=\"_blank\" rel=\"noreferrer noopener\">ENTE <\/a><\/p>\n<!-- \/wp:paragraph --><!-- wp:paragraph -->\n<p><a href=\"https:\/\/www.cfa-colmar.com\/wp-content\/uploads\/2026\/04\/Offres_Auto_100426.pdf\" target=\"_blank\" rel=\"noreferrer noopener\" data-type=\"URL\">M\u00c9CANIQUE AUTOMOBILE<\/a><\/p>\n<!-- \/wp:paragraph --><!-- wp:paragraph -->\n<p><a href=\"https:\/\/www.cfa-colmar.com\/wp-content\/uploads\/2026\/04\/Offres_Coiff_100426.pdf\" target=\"_blank\" rel=\"noreferrer noopener\">COIFFURE<\/a><\/p>\n<!-- \/wp:paragraph --><!-- wp:paragraph -->\n<p><a href=\"https:\/\/www.cfa-colmar.com\/wp-content\/uploads\/2026\/04\/Offres_IST_100426.pdf\" target=\"_blank\" rel=\"noreferrer noopener\" data-type=\"URL\">CHAUFFAGE SANITAIRE<\/a><\/p>\n<!-- \/wp:paragraph --><!-- wp:paragraph -->\n<p><a href=\"https:\/\/www.cfa-colmar.com\/wp-content\/uploads\/2026\/03\/Offres_Elec_25032026.pdf\" target=\"_blank\" rel=\"noreferrer noopener\">\u00c9LECTRICIT\u00c9<\/a><\/p>\n<!-- \/wp:paragraph --><!-- wp:paragraph -->\n<p><a href=\"https:\/\/www.cfa-colmar.com\/wp-content\/uploads\/2026\/04\/Offres_ESTH_15042026.pdf\" target=\"_blank\" rel=\"noreferrer noopener\">ESTH\u00c9TIQUE<\/a><\/p>\n<!-- \/wp:paragraph --><!-- wp:paragraph -->\n<p><a href=\"https:\/\/www.cfa-colmar.com\/wp-content\/uploads\/2026\/03\/Offres_Metallerie_190326.pdf\" target=\"_blank\" rel=\"noreferrer noopener\" data-type=\"URL\">M\u00c9TALLERIE<\/a><\/p>\n<!-- \/wp:paragraph --><!-- wp:paragraph -->\n<p><strong>Employeurs : vous pouvez \u00e0 tout moment dans l&rsquo;ann\u00e9e nous faire part de vos offres.\u00a0<\/strong><\/p>\n<p><strong>Contact :\u00a0 M. Birling : developpeur@cfa-colmar.com\u00a0<\/strong><\/p>\n<!-- \/wp:paragraph -->\t\t\t\t\t\t<\/div>\n\t\t\t\t<\/div>\n\t\t\t\t\t<\/div>\n\t\t<\/div>\n\t\t\t\t\t\t\t<\/div>\n\t\t<\/section>\n\t\t\t\t\t\t<\/div>\n\t\t\t\t\t<\/div>\n\t\t","protected":false},"excerpt":{"rendered":"<p>Nos offres de places en apprentissage : BOUCHERIE CHARCUTERIE TRAITEUR BOULANGERIE, P\u00c2TISSERIE ET CHOCOLATERIE COMMERCE VENTE M\u00c9CANIQUE AUTOMOBILE COIFFURE CHAUFFAGE SANITAIRE \u00c9LECTRICIT\u00c9 ESTH\u00c9TIQUE M\u00c9TALLERIE Employeurs : vous pouvez \u00e0 tout moment dans l&rsquo;ann\u00e9e nous faire part de vos offres.\u00a0 Contact<\/p>\n","protected":false},"author":1,"featured_media":0,"parent":0,"menu_order":0,"comment_status":"closed","ping_status":"closed","template":"","meta":{"footnotes":""},"class_list":["post-80","page","type-page","status-publish","hentry"],"_links":{"self":[{"href":"https:\/\/www.cfa-colmar.com\/index.php\/wp-json\/wp\/v2\/pages\/80","targetHints":{"allow":["GET"]}}],"collection":[{"href":"https:\/\/www.cfa-colmar.com\/index.php\/wp-json\/wp\/v2\/pages"}],"about":[{"href":"https:\/\/www.cfa-colmar.com\/index.php\/wp-json\/wp\/v2\/types\/page"}],"author":[{"embeddable":true,"href":"https:\/\/www.cfa-colmar.com\/index.php\/wp-json\/wp\/v2\/users\/1"}],"replies":[{"embeddable":true,"href":"https:\/\/www.cfa-colmar.com\/index.php\/wp-json\/wp\/v2\/comments?post=80"}],"version-history":[{"count":1252,"href":"https:\/\/www.cfa-colmar.com\/index.php\/wp-json\/wp\/v2\/pages\/80\/revisions"}],"predecessor-version":[{"id":6793,"href":"https:\/\/www.cfa-colmar.com\/index.php\/wp-json\/wp\/v2\/pages\/80\/revisions\/6793"}],"wp:attachment":[{"href":"https:\/\/www.cfa-colmar.com\/index.php\/wp-json\/wp\/v2\/media?parent=80"}],"curies":[{"name":"wp","href":"https:\/\/api.w.org\/{rel}","templated":true}]}}